{"id":7828,"date":"2021-08-18T14:59:05","date_gmt":"2021-08-18T13:59:05","guid":{"rendered":"https:\/\/www.celluloses-broceliande.fr\/?page_id=7828"},"modified":"2023-08-31T14:29:36","modified_gmt":"2023-08-31T13:29:36","slug":"masques-medicaux-a-usage-unique","status":"publish","type":"page","link":"https:\/\/www.celluloses-broceliande.fr\/en\/masques-medicaux-a-usage-unique\/","title":{"rendered":"Masques ITM"},"content":{"rendered":"<p><div class=\"fusion-fullwidth fullwidth-box fusion-builder-row-1 fusion-flex-container nonhundred-percent-fullwidth non-hundred-percent-height-scrolling\" style=\"--awb-border-radius-top-left:0px;--awb-border-radius-top-right:0px;--awb-border-radius-bottom-right:0px;--awb-border-radius-bottom-left:0px;--awb-flex-wrap:wrap;\" ><div class=\"fusion-builder-row fusion-row fusion-flex-align-items-flex-start fusion-flex-content-wrap\" style=\"max-width:1268.8px;margin-left: calc(-4% \/ 2 );margin-right: calc(-4% \/ 2 );\"><div class=\"fusion-layout-column fusion_builder_column fusion-builder-column-0 fusion_builder_column_1_1 1_1 fusion-flex-column\" style=\"--awb-bg-size:cover;--awb-width-large:100%;--awb-margin-top-large:0px;--awb-spacing-right-large:1.92%;--awb-margin-bottom-large:0px;--awb-spacing-left-large:1.92%;--awb-width-medium:100%;--awb-order-medium:0;--awb-spacing-right-medium:1.92%;--awb-spacing-left-medium:1.92%;--awb-width-small:100%;--awb-order-small:0;--awb-spacing-right-small:1.92%;--awb-spacing-left-small:1.92%;\"><div class=\"fusion-column-wrapper fusion-column-has-shadow fusion-flex-justify-content-flex-start fusion-content-layout-column\"><div class=\"fusion-text fusion-text-1\"><h2 data-fontsize=\"30\" data-lineheight=\"32\"><small>MASQUES MEDICAUX A USAGE UNIQUE X50<br \/>\n<\/small><\/h2>\n<\/div><\/div><\/div><div class=\"fusion-layout-column fusion_builder_column fusion-builder-column-1 fusion_builder_column_2_5 2_5 fusion-flex-column\" style=\"--awb-bg-size:cover;--awb-width-large:40%;--awb-margin-top-large:0px;--awb-spacing-right-large:4.8%;--awb-margin-bottom-large:0px;--awb-spacing-left-large:4.8%;--awb-width-medium:40%;--awb-spacing-right-medium:4.8%;--awb-spacing-left-medium:4.8%;--awb-width-small:100%;--awb-spacing-right-small:1.92%;--awb-spacing-left-small:1.92%;\"><div class=\"fusion-column-wrapper fusion-column-has-shadow fusion-flex-justify-content-flex-start fusion-content-layout-column\"><div class=\"fusion-image-element \" style=\"--awb-caption-title-font-family:var(--h2_typography-font-family);--awb-caption-title-font-weight:var(--h2_typography-font-weight);--awb-caption-title-font-style:var(--h2_typography-font-style);--awb-caption-title-size:var(--h2_typography-font-size);--awb-caption-title-transform:var(--h2_typography-text-transform);--awb-caption-title-line-height:var(--h2_typography-line-height);--awb-caption-title-letter-spacing:var(--h2_typography-letter-spacing);\"><span class=\" fusion-imageframe imageframe-none imageframe-1 hover-type-none\"><img decoding=\"async\" width=\"1200\" height=\"765\" title=\"MASQUES CHIRURGICAUX &#8211; ITM\" src=\"https:\/\/www.celluloses-broceliande.fr\/wp-content\/uploads\/2021\/08\/MASQUES-CHIRURGICAUX-ITM-e1629294952290-1200x765.png\" alt class=\"img-responsive wp-image-7829\" srcset=\"https:\/\/www.celluloses-broceliande.fr\/wp-content\/uploads\/2021\/08\/MASQUES-CHIRURGICAUX-ITM-e1629294952290-200x127.png 200w, https:\/\/www.celluloses-broceliande.fr\/wp-content\/uploads\/2021\/08\/MASQUES-CHIRURGICAUX-ITM-e1629294952290-400x255.png 400w, https:\/\/www.celluloses-broceliande.fr\/wp-content\/uploads\/2021\/08\/MASQUES-CHIRURGICAUX-ITM-e1629294952290-600x382.png 600w, https:\/\/www.celluloses-broceliande.fr\/wp-content\/uploads\/2021\/08\/MASQUES-CHIRURGICAUX-ITM-e1629294952290-800x510.png 800w, https:\/\/www.celluloses-broceliande.fr\/wp-content\/uploads\/2021\/08\/MASQUES-CHIRURGICAUX-ITM-e1629294952290-1200x765.png 1200w, https:\/\/www.celluloses-broceliande.fr\/wp-content\/uploads\/2021\/08\/MASQUES-CHIRURGICAUX-ITM-e1629294952290.png 1500w\" sizes=\"(max-width: 640px) 100vw, 600px\" \/><\/span><\/div><\/div><\/div><div class=\"fusion-layout-column fusion_builder_column fusion-builder-column-2 fusion_builder_column_1_3 1_3 fusion-flex-column\" style=\"--awb-bg-size:cover;--awb-width-large:33.333333333333%;--awb-margin-top-large:0px;--awb-spacing-right-large:5.76%;--awb-margin-bottom-large:0px;--awb-spacing-left-large:5.76%;--awb-width-medium:33.333333333333%;--awb-spacing-right-medium:5.76%;--awb-spacing-left-medium:5.76%;--awb-width-small:100%;--awb-spacing-right-small:1.92%;--awb-spacing-left-small:1.92%;\"><div class=\"fusion-column-wrapper fusion-column-has-shadow fusion-flex-justify-content-flex-start fusion-content-layout-column\"><div class=\"fusion-text fusion-text-2\"><p>Ce dispositif est destin\u00e9 \u00e0 \u00e9viter la projection de s\u00e9cr\u00e9tions des voies a\u00e9riennes sup\u00e9rieures ou de salive pouvant contenir des agents infectieux transmissibles par voie de \u00ab gouttelettes \u00bb ou \u00ab a\u00e9rienne \u00bb; lors de l\u2019expiration du porteur. (respiration, parole, toux, \u00e9ternuements,etc.)<\/p>\n<p>Enfin, ce masque est conforme aux exigences d\u00e9finies par le r\u00e8glement; (UE) 2017\/745 et a \u00e9t\u00e9 \u00e9valu\u00e9 selon le r\u00e9f\u00e9rentiel technique EN 14683 :2019+AC.<\/p>\n<p><a href=\"https:\/\/www.celluloses-broceliande.fr\/wp-content\/uploads\/2023\/08\/Declaration-de-conformite-UE-Masques-chirurgicaux-HMC1-01-HMC1-02-HMC1-03-PCCMS11-01-DFCMJ11-01-et-AGCMJ21-01-8.pdf\">&gt; D\u00e9claration de conformit\u00e9 UE masque m\u00e9dical &lt;\u00a0<\/a><\/p>\n<p><span class=\"ui-provider gp b c d e f g h i j k l m n o p q r s t u v w x y z ab ac ae af ag ah ai aj ak\" dir=\"ltr\"><i>Retrouvez les informations AGEC de nos produits sur le site mutualis\u00e9 de la Soci\u00e9t\u00e9 Coop\u00e9rative d\u2019Int\u00e9r\u00eat Collectif NumAlim\u00a0<\/i>&gt; <a class=\"fui-Link ___1qmgydl f3rmtva f1ewtqcl fyind8e f1k6fduh f1w7gpdv fk6fouc fjoy568 figsok6 f1hu3pq6 f11qmguv f19f4twv f1tyq0we f1g0x7ka fhxju0i f1qch9an f1cnd47f fqv5qza f1vmzxwi f1o700av f13mvf36 f1cmlufx f9n3di6 f1ids18y f1tx3yz7 f1deo86v f1eh06m1 f1iescvh ftqa4ok f2hkw1w fhgqx19 f1olyrje f1p93eir f1h8hb77 f1x7u7e9 f10aw75t fsle3fq\" title=\"https:\/\/urldefense.com\/v3\/__http:\/www.numalim.fr__;!!k2iae_p4j-s4di8x7b9qnns!pzwzr0vgjfn2h984b7iracjzwhv58jcmt8ukr-vqdaahfioftyi5odw4jkl-kivs7k3cvsw4qwkuigj2nog_gvpwvt_va4_cjnglxeowe1o$\" href=\"https:\/\/urldefense.com\/v3\/__http:\/www.numalim.fr__;!!K2IAE_p4J-S4di8x7B9qnns!PzWZR0vGJFN2H984b7IracJZWHV58jCMt8UkR-vQdAaHfIOfTyi5Odw4jKL-kIvs7k3cvsW4QWkuiGj2nog_GvPwvt_Va4_cJngLXeowE1o$\" target=\"_blank\" rel=\"noreferrer noopener\" aria-label=\"Lien www.numalim.fr\">www.numalim.fr<\/a><\/span><\/p>\n<\/div><\/div><\/div><div class=\"fusion-layout-column fusion_builder_column fusion-builder-column-3 fusion_builder_column_1_4 1_4 fusion-flex-column\" style=\"--awb-bg-size:cover;--awb-width-large:25%;--awb-margin-top-large:0px;--awb-spacing-right-large:7.68%;--awb-margin-bottom-large:0px;--awb-spacing-left-large:7.68%;--awb-width-medium:25%;--awb-spacing-right-medium:7.68%;--awb-spacing-left-medium:7.68%;--awb-width-small:100%;--awb-spacing-right-small:1.92%;--awb-spacing-left-small:1.92%;\"><div class=\"fusion-column-wrapper fusion-column-has-shadow fusion-flex-justify-content-flex-start fusion-content-layout-column\"><div class=\"fusion-image-element \" style=\"--awb-caption-title-font-family:var(--h2_typography-font-family);--awb-caption-title-font-weight:var(--h2_typography-font-weight);--awb-caption-title-font-style:var(--h2_typography-font-style);--awb-caption-title-size:var(--h2_typography-font-size);--awb-caption-title-transform:var(--h2_typography-text-transform);--awb-caption-title-line-height:var(--h2_typography-line-height);--awb-caption-title-letter-spacing:var(--h2_typography-letter-spacing);\"><span class=\" fusion-imageframe imageframe-none imageframe-2 hover-type-none\"><img decoding=\"async\" width=\"1200\" height=\"472\" title=\"bande masques ITM_Plan de travail 1\" src=\"https:\/\/www.celluloses-broceliande.fr\/wp-content\/uploads\/2021\/08\/bande-masques-ITM_Plan-de-travail-1-e1629295016928-1200x472.png\" alt class=\"img-responsive wp-image-7830\" srcset=\"https:\/\/www.celluloses-broceliande.fr\/wp-content\/uploads\/2021\/08\/bande-masques-ITM_Plan-de-travail-1-e1629295016928-200x79.png 200w, https:\/\/www.celluloses-broceliande.fr\/wp-content\/uploads\/2021\/08\/bande-masques-ITM_Plan-de-travail-1-e1629295016928-400x157.png 400w, https:\/\/www.celluloses-broceliande.fr\/wp-content\/uploads\/2021\/08\/bande-masques-ITM_Plan-de-travail-1-e1629295016928-600x236.png 600w, https:\/\/www.celluloses-broceliande.fr\/wp-content\/uploads\/2021\/08\/bande-masques-ITM_Plan-de-travail-1-e1629295016928-800x314.png 800w, https:\/\/www.celluloses-broceliande.fr\/wp-content\/uploads\/2021\/08\/bande-masques-ITM_Plan-de-travail-1-e1629295016928-1200x472.png 1200w\" sizes=\"(max-width: 640px) 100vw, 400px\" \/><\/span><\/div><\/div><\/div><div class=\"fusion-layout-column fusion_builder_column fusion-builder-column-4 fusion_builder_column_1_1 1_1 fusion-flex-column\" style=\"--awb-bg-size:cover;--awb-width-large:100%;--awb-margin-top-large:0px;--awb-spacing-right-large:1.92%;--awb-margin-bottom-large:0px;--awb-spacing-left-large:1.92%;--awb-width-medium:100%;--awb-order-medium:0;--awb-spacing-right-medium:1.92%;--awb-spacing-left-medium:1.92%;--awb-width-small:100%;--awb-order-small:0;--awb-spacing-right-small:1.92%;--awb-spacing-left-small:1.92%;\"><div class=\"fusion-column-wrapper fusion-column-has-shadow fusion-flex-justify-content-flex-start fusion-content-layout-column\"><div class=\"fusion-image-element \" style=\"--awb-caption-title-font-family:var(--h2_typography-font-family);--awb-caption-title-font-weight:var(--h2_typography-font-weight);--awb-caption-title-font-style:var(--h2_typography-font-style);--awb-caption-title-size:var(--h2_typography-font-size);--awb-caption-title-transform:var(--h2_typography-text-transform);--awb-caption-title-line-height:var(--h2_typography-line-height);--awb-caption-title-letter-spacing:var(--h2_typography-letter-spacing);\"><span class=\" fusion-imageframe imageframe-none imageframe-3 hover-type-none\"><img decoding=\"async\" width=\"65\" height=\"20\" title=\"blanc\" src=\"https:\/\/www.celluloses-broceliande.fr\/wp-content\/uploads\/2020\/08\/blanc.png\" alt class=\"img-responsive wp-image-6635\"\/><\/span><\/div><\/div><\/div><\/div><\/div><div class=\"fusion-fullwidth fullwidth-box fusion-builder-row-2 fusion-flex-container nonhundred-percent-fullwidth non-hundred-percent-height-scrolling\" style=\"--awb-border-radius-top-left:0px;--awb-border-radius-top-right:0px;--awb-border-radius-bottom-right:0px;--awb-border-radius-bottom-left:0px;--awb-flex-wrap:wrap;\" ><div class=\"fusion-builder-row fusion-row fusion-flex-align-items-flex-start fusion-flex-content-wrap\" style=\"max-width:1268.8px;margin-left: calc(-4% \/ 2 );margin-right: calc(-4% \/ 2 );\"><div class=\"fusion-layout-column fusion_builder_column fusion-builder-column-5 fusion_builder_column_1_1 1_1 fusion-flex-column\" style=\"--awb-bg-size:cover;--awb-width-large:100%;--awb-margin-top-large:0px;--awb-spacing-right-large:1.92%;--awb-margin-bottom-large:0px;--awb-spacing-left-large:1.92%;--awb-width-medium:100%;--awb-order-medium:0;--awb-spacing-right-medium:1.92%;--awb-spacing-left-medium:1.92%;--awb-width-small:100%;--awb-order-small:0;--awb-spacing-right-small:1.92%;--awb-spacing-left-small:1.92%;\"><div class=\"fusion-column-wrapper fusion-column-has-shadow fusion-flex-justify-content-flex-start fusion-content-layout-column\"><div class=\"fusion-text fusion-text-3\"><h2 data-fontsize=\"30\" data-lineheight=\"32\"><small>MASQUES FFP2 NR<br \/>\n<\/small><\/h2>\n<\/div><\/div><\/div><div class=\"fusion-layout-column fusion_builder_column fusion-builder-column-6 fusion_builder_column_2_5 2_5 fusion-flex-column\" style=\"--awb-bg-size:cover;--awb-width-large:40%;--awb-margin-top-large:0px;--awb-spacing-right-large:4.8%;--awb-margin-bottom-large:0px;--awb-spacing-left-large:4.8%;--awb-width-medium:40%;--awb-order-medium:0;--awb-spacing-right-medium:4.8%;--awb-spacing-left-medium:4.8%;--awb-width-small:100%;--awb-order-small:0;--awb-spacing-right-small:1.92%;--awb-spacing-left-small:1.92%;\"><div class=\"fusion-column-wrapper fusion-column-has-shadow fusion-flex-justify-content-flex-start fusion-content-layout-column\"><div class=\"fusion-image-element \" style=\"--awb-caption-title-font-family:var(--h2_typography-font-family);--awb-caption-title-font-weight:var(--h2_typography-font-weight);--awb-caption-title-font-style:var(--h2_typography-font-style);--awb-caption-title-size:var(--h2_typography-font-size);--awb-caption-title-transform:var(--h2_typography-text-transform);--awb-caption-title-line-height:var(--h2_typography-line-height);--awb-caption-title-letter-spacing:var(--h2_typography-letter-spacing);\"><span class=\" fusion-imageframe imageframe-none imageframe-4 hover-type-none\"><img decoding=\"async\" width=\"1500\" height=\"1500\" title=\"3D_42202_PC_BOITE_MASQUES_FFP2\" src=\"https:\/\/www.celluloses-broceliande.fr\/wp-content\/uploads\/2023\/05\/3D_42202_PC_BOITE_MASQUES_FFP2.png\" alt class=\"img-responsive wp-image-8279\" srcset=\"https:\/\/www.celluloses-broceliande.fr\/wp-content\/uploads\/2023\/05\/3D_42202_PC_BOITE_MASQUES_FFP2-200x200.png 200w, https:\/\/www.celluloses-broceliande.fr\/wp-content\/uploads\/2023\/05\/3D_42202_PC_BOITE_MASQUES_FFP2-400x400.png 400w, https:\/\/www.celluloses-broceliande.fr\/wp-content\/uploads\/2023\/05\/3D_42202_PC_BOITE_MASQUES_FFP2-600x600.png 600w, https:\/\/www.celluloses-broceliande.fr\/wp-content\/uploads\/2023\/05\/3D_42202_PC_BOITE_MASQUES_FFP2-800x800.png 800w, https:\/\/www.celluloses-broceliande.fr\/wp-content\/uploads\/2023\/05\/3D_42202_PC_BOITE_MASQUES_FFP2-1200x1200.png 1200w, https:\/\/www.celluloses-broceliande.fr\/wp-content\/uploads\/2023\/05\/3D_42202_PC_BOITE_MASQUES_FFP2.png 1500w\" sizes=\"(max-width: 640px) 100vw, 600px\" \/><\/span><\/div><\/div><\/div><div class=\"fusion-layout-column fusion_builder_column fusion-builder-column-7 fusion_builder_column_1_3 1_3 fusion-flex-column\" style=\"--awb-bg-size:cover;--awb-width-large:33.333333333333%;--awb-margin-top-large:0px;--awb-spacing-right-large:5.76%;--awb-margin-bottom-large:0px;--awb-spacing-left-large:5.76%;--awb-width-medium:33.333333333333%;--awb-order-medium:0;--awb-spacing-right-medium:5.76%;--awb-spacing-left-medium:5.76%;--awb-width-small:100%;--awb-order-small:0;--awb-spacing-right-small:1.92%;--awb-spacing-left-small:1.92%;\"><div class=\"fusion-column-wrapper fusion-column-has-shadow fusion-flex-justify-content-flex-start fusion-content-layout-column\"><div class=\"fusion-text fusion-text-4\"><p>Ce demi-masque de filtration est utilis\u00e9 comme appareil de protection respiratoire contre les particules solides et liquides.<\/p>\n<p>Ensuite, ce masque est conforme aux exigences d\u00e9finies par le r\u00e8glement EPI (UE) 2016\/425 a \u00e9t\u00e9 \u00e9valu\u00e9 selon le r\u00e9f\u00e9rentiel technique EN149 :2001+A1 :2009.<\/p>\n<p>L&#8217;organisme notifi\u00e9 ayant r\u00e9alis\u00e9 l&#8217;examen UE de type (module B) et r\u00e9alisant le contr\u00f4le annuel de production (module C2\/D) est :<\/p>\n<p><strong>APAVE Exploitation France SAS (n\u00b00082) &#8211; 6 Rue du G\u00e9n\u00e9ral Audran &#8211; 92412<\/strong><\/p>\n<p><strong>COURBEVOIE Cedex &#8211; France<\/strong><\/p>\n<p><a href=\"https:\/\/www.celluloses-broceliande.fr\/wp-content\/uploads\/2023\/05\/declaration.jpg\">D\u00e9claration de conformit\u00e9 UE masque FFP2 &lt;<\/a><\/p>\n<p><span class=\"ui-provider gp b c d e f g h i j k l m n o p q r s t u v w x y z ab ac ae af ag ah ai aj ak\" dir=\"ltr\"><i>\u00a0Retrouvez les informations AGEC de nos produits sur le site mutualis\u00e9 de la Soci\u00e9t\u00e9 Coop\u00e9rative d\u2019Int\u00e9r\u00eat Collectif NumAlim\u00a0<\/i>&gt; <a class=\"fui-Link ___1qmgydl f3rmtva f1ewtqcl fyind8e f1k6fduh f1w7gpdv fk6fouc fjoy568 figsok6 f1hu3pq6 f11qmguv f19f4twv f1tyq0we f1g0x7ka fhxju0i f1qch9an f1cnd47f fqv5qza f1vmzxwi f1o700av f13mvf36 f1cmlufx f9n3di6 f1ids18y f1tx3yz7 f1deo86v f1eh06m1 f1iescvh ftqa4ok f2hkw1w fhgqx19 f1olyrje f1p93eir f1h8hb77 f1x7u7e9 f10aw75t fsle3fq\" title=\"https:\/\/urldefense.com\/v3\/__http:\/www.numalim.fr__;!!k2iae_p4j-s4di8x7b9qnns!pzwzr0vgjfn2h984b7iracjzwhv58jcmt8ukr-vqdaahfioftyi5odw4jkl-kivs7k3cvsw4qwkuigj2nog_gvpwvt_va4_cjnglxeowe1o$\" href=\"https:\/\/urldefense.com\/v3\/__http:\/www.numalim.fr__;!!K2IAE_p4J-S4di8x7B9qnns!PzWZR0vGJFN2H984b7IracJZWHV58jCMt8UkR-vQdAaHfIOfTyi5Odw4jKL-kIvs7k3cvsW4QWkuiGj2nog_GvPwvt_Va4_cJngLXeowE1o$\" target=\"_blank\" rel=\"noreferrer noopener\" aria-label=\"Lien www.numalim.fr\">www.numalim.fr<\/a><\/span><\/p>\n<\/div><\/div><\/div><div class=\"fusion-layout-column fusion_builder_column fusion-builder-column-8 fusion_builder_column_1_4 1_4 fusion-flex-column\" style=\"--awb-bg-size:cover;--awb-width-large:25%;--awb-margin-top-large:0px;--awb-spacing-right-large:7.68%;--awb-margin-bottom-large:0px;--awb-spacing-left-large:7.68%;--awb-width-medium:25%;--awb-order-medium:0;--awb-spacing-right-medium:7.68%;--awb-spacing-left-medium:7.68%;--awb-width-small:100%;--awb-order-small:0;--awb-spacing-right-small:1.92%;--awb-spacing-left-small:1.92%;\"><div class=\"fusion-column-wrapper fusion-column-has-shadow fusion-flex-justify-content-flex-start fusion-content-layout-column\"><div class=\"fusion-image-element \" style=\"--awb-caption-title-font-family:var(--h2_typography-font-family);--awb-caption-title-font-weight:var(--h2_typography-font-weight);--awb-caption-title-font-style:var(--h2_typography-font-style);--awb-caption-title-size:var(--h2_typography-font-size);--awb-caption-title-transform:var(--h2_typography-text-transform);--awb-caption-title-line-height:var(--h2_typography-line-height);--awb-caption-title-letter-spacing:var(--h2_typography-letter-spacing);\"><span class=\" fusion-imageframe imageframe-none imageframe-5 hover-type-none\"><img decoding=\"async\" width=\"1639\" height=\"562\" title=\"BANDEAU\" src=\"https:\/\/www.celluloses-broceliande.fr\/wp-content\/uploads\/2023\/05\/BANDEAU.png\" alt class=\"img-responsive wp-image-8280\" srcset=\"https:\/\/www.celluloses-broceliande.fr\/wp-content\/uploads\/2023\/05\/BANDEAU-200x69.png 200w, https:\/\/www.celluloses-broceliande.fr\/wp-content\/uploads\/2023\/05\/BANDEAU-400x137.png 400w, https:\/\/www.celluloses-broceliande.fr\/wp-content\/uploads\/2023\/05\/BANDEAU-600x206.png 600w, https:\/\/www.celluloses-broceliande.fr\/wp-content\/uploads\/2023\/05\/BANDEAU-800x274.png 800w, https:\/\/www.celluloses-broceliande.fr\/wp-content\/uploads\/2023\/05\/BANDEAU-1200x411.png 1200w, https:\/\/www.celluloses-broceliande.fr\/wp-content\/uploads\/2023\/05\/BANDEAU.png 1639w\" sizes=\"(max-width: 640px) 100vw, 400px\" \/><\/span><\/div><\/div><\/div><\/div><\/div><\/p>\n","protected":false},"excerpt":{"rendered":"","protected":false},"author":2,"featured_media":0,"parent":0,"menu_order":0,"comment_status":"closed","ping_status":"closed","template":"","meta":{"footnotes":""},"folder":[],"class_list":["post-7828","page","type-page","status-publish","hentry"],"yoast_head":"<!-- This site is optimized with the Yoast SEO plugin v27.5 - https:\/\/yoast.com\/product\/yoast-seo-wordpress\/ -->\n<title>Masques ITM - Celluloses de Broceliande<\/title>\n<meta name=\"robots\" content=\"index, follow, max-snippet:-1, max-image-preview:large, max-video-preview:-1\" \/>\n<link rel=\"canonical\" href=\"https:\/\/www.celluloses-broceliande.fr\/en\/masques-medicaux-a-usage-unique\/\" \/>\n<meta property=\"og:locale\" content=\"en_US\" \/>\n<meta property=\"og:type\" content=\"article\" \/>\n<meta property=\"og:title\" content=\"Masques ITM - Celluloses de Broceliande\" \/>\n<meta property=\"og:url\" content=\"https:\/\/www.celluloses-broceliande.fr\/en\/masques-medicaux-a-usage-unique\/\" \/>\n<meta property=\"og:site_name\" content=\"Celluloses de Broceliande\" \/>\n<meta property=\"article:modified_time\" content=\"2023-08-31T13:29:36+00:00\" \/>\n<meta name=\"twitter:card\" content=\"summary_large_image\" \/>\n<meta name=\"twitter:label1\" content=\"Est. reading time\" \/>\n\t<meta name=\"twitter:data1\" content=\"6 minutes\" \/>\n<script type=\"application\/ld+json\" class=\"yoast-schema-graph\">{\"@context\":\"https:\\\/\\\/schema.org\",\"@graph\":[{\"@type\":\"WebPage\",\"@id\":\"https:\\\/\\\/www.celluloses-broceliande.fr\\\/en\\\/masques-medicaux-a-usage-unique\\\/\",\"url\":\"https:\\\/\\\/www.celluloses-broceliande.fr\\\/en\\\/masques-medicaux-a-usage-unique\\\/\",\"name\":\"Masques ITM - Celluloses de Broceliande\",\"isPartOf\":{\"@id\":\"https:\\\/\\\/www.celluloses-broceliande.fr\\\/#website\"},\"datePublished\":\"2021-08-18T13:59:05+00:00\",\"dateModified\":\"2023-08-31T13:29:36+00:00\",\"breadcrumb\":{\"@id\":\"https:\\\/\\\/www.celluloses-broceliande.fr\\\/en\\\/masques-medicaux-a-usage-unique\\\/#breadcrumb\"},\"inLanguage\":\"en-US\",\"potentialAction\":[{\"@type\":\"ReadAction\",\"target\":[\"https:\\\/\\\/www.celluloses-broceliande.fr\\\/en\\\/masques-medicaux-a-usage-unique\\\/\"]}]},{\"@type\":\"BreadcrumbList\",\"@id\":\"https:\\\/\\\/www.celluloses-broceliande.fr\\\/en\\\/masques-medicaux-a-usage-unique\\\/#breadcrumb\",\"itemListElement\":[{\"@type\":\"ListItem\",\"position\":1,\"name\":\"Accueil\",\"item\":\"https:\\\/\\\/www.celluloses-broceliande.fr\\\/\"},{\"@type\":\"ListItem\",\"position\":2,\"name\":\"Masques ITM\"}]},{\"@type\":\"WebSite\",\"@id\":\"https:\\\/\\\/www.celluloses-broceliande.fr\\\/#website\",\"url\":\"https:\\\/\\\/www.celluloses-broceliande.fr\\\/\",\"name\":\"Celluloses de Broceliande\",\"description\":\"Maker of everyday comfort\",\"publisher\":{\"@id\":\"https:\\\/\\\/www.celluloses-broceliande.fr\\\/#organization\"},\"potentialAction\":[{\"@type\":\"SearchAction\",\"target\":{\"@type\":\"EntryPoint\",\"urlTemplate\":\"https:\\\/\\\/www.celluloses-broceliande.fr\\\/?s={search_term_string}\"},\"query-input\":{\"@type\":\"PropertyValueSpecification\",\"valueRequired\":true,\"valueName\":\"search_term_string\"}}],\"inLanguage\":\"en-US\"},{\"@type\":\"Organization\",\"@id\":\"https:\\\/\\\/www.celluloses-broceliande.fr\\\/#organization\",\"name\":\"Celluloses de Broc\u00e9liande\",\"url\":\"https:\\\/\\\/www.celluloses-broceliande.fr\\\/\",\"logo\":{\"@type\":\"ImageObject\",\"inLanguage\":\"en-US\",\"@id\":\"https:\\\/\\\/www.celluloses-broceliande.fr\\\/#\\\/schema\\\/logo\\\/image\\\/\",\"url\":\"https:\\\/\\\/www.celluloses-broceliande.fr\\\/wp-content\\\/uploads\\\/2021\\\/08\\\/logo_celluloses_broceliande_vect.jpg\",\"contentUrl\":\"https:\\\/\\\/www.celluloses-broceliande.fr\\\/wp-content\\\/uploads\\\/2021\\\/08\\\/logo_celluloses_broceliande_vect.jpg\",\"width\":1191,\"height\":643,\"caption\":\"Celluloses de Broc\u00e9liande\"},\"image\":{\"@id\":\"https:\\\/\\\/www.celluloses-broceliande.fr\\\/#\\\/schema\\\/logo\\\/image\\\/\"}}]}<\/script>\n<!-- \/ Yoast SEO plugin. -->","yoast_head_json":{"title":"Masques ITM - Celluloses de Broceliande","robots":{"index":"index","follow":"follow","max-snippet":"max-snippet:-1","max-image-preview":"max-image-preview:large","max-video-preview":"max-video-preview:-1"},"canonical":"https:\/\/www.celluloses-broceliande.fr\/en\/masques-medicaux-a-usage-unique\/","og_locale":"en_US","og_type":"article","og_title":"Masques ITM - Celluloses de Broceliande","og_url":"https:\/\/www.celluloses-broceliande.fr\/en\/masques-medicaux-a-usage-unique\/","og_site_name":"Celluloses de Broceliande","article_modified_time":"2023-08-31T13:29:36+00:00","twitter_card":"summary_large_image","twitter_misc":{"Est. reading time":"6 minutes"},"schema":{"@context":"https:\/\/schema.org","@graph":[{"@type":"WebPage","@id":"https:\/\/www.celluloses-broceliande.fr\/en\/masques-medicaux-a-usage-unique\/","url":"https:\/\/www.celluloses-broceliande.fr\/en\/masques-medicaux-a-usage-unique\/","name":"Masques ITM - Celluloses de Broceliande","isPartOf":{"@id":"https:\/\/www.celluloses-broceliande.fr\/#website"},"datePublished":"2021-08-18T13:59:05+00:00","dateModified":"2023-08-31T13:29:36+00:00","breadcrumb":{"@id":"https:\/\/www.celluloses-broceliande.fr\/en\/masques-medicaux-a-usage-unique\/#breadcrumb"},"inLanguage":"en-US","potentialAction":[{"@type":"ReadAction","target":["https:\/\/www.celluloses-broceliande.fr\/en\/masques-medicaux-a-usage-unique\/"]}]},{"@type":"BreadcrumbList","@id":"https:\/\/www.celluloses-broceliande.fr\/en\/masques-medicaux-a-usage-unique\/#breadcrumb","itemListElement":[{"@type":"ListItem","position":1,"name":"Accueil","item":"https:\/\/www.celluloses-broceliande.fr\/"},{"@type":"ListItem","position":2,"name":"Masques ITM"}]},{"@type":"WebSite","@id":"https:\/\/www.celluloses-broceliande.fr\/#website","url":"https:\/\/www.celluloses-broceliande.fr\/","name":"Celluloses de Broceliande","description":"Maker of everyday comfort","publisher":{"@id":"https:\/\/www.celluloses-broceliande.fr\/#organization"},"potentialAction":[{"@type":"SearchAction","target":{"@type":"EntryPoint","urlTemplate":"https:\/\/www.celluloses-broceliande.fr\/?s={search_term_string}"},"query-input":{"@type":"PropertyValueSpecification","valueRequired":true,"valueName":"search_term_string"}}],"inLanguage":"en-US"},{"@type":"Organization","@id":"https:\/\/www.celluloses-broceliande.fr\/#organization","name":"Celluloses de Broc\u00e9liande","url":"https:\/\/www.celluloses-broceliande.fr\/","logo":{"@type":"ImageObject","inLanguage":"en-US","@id":"https:\/\/www.celluloses-broceliande.fr\/#\/schema\/logo\/image\/","url":"https:\/\/www.celluloses-broceliande.fr\/wp-content\/uploads\/2021\/08\/logo_celluloses_broceliande_vect.jpg","contentUrl":"https:\/\/www.celluloses-broceliande.fr\/wp-content\/uploads\/2021\/08\/logo_celluloses_broceliande_vect.jpg","width":1191,"height":643,"caption":"Celluloses de Broc\u00e9liande"},"image":{"@id":"https:\/\/www.celluloses-broceliande.fr\/#\/schema\/logo\/image\/"}}]}},"_links":{"self":[{"href":"https:\/\/www.celluloses-broceliande.fr\/en\/wp-json\/wp\/v2\/pages\/7828","targetHints":{"allow":["GET"]}}],"collection":[{"href":"https:\/\/www.celluloses-broceliande.fr\/en\/wp-json\/wp\/v2\/pages"}],"about":[{"href":"https:\/\/www.celluloses-broceliande.fr\/en\/wp-json\/wp\/v2\/types\/page"}],"author":[{"embeddable":true,"href":"https:\/\/www.celluloses-broceliande.fr\/en\/wp-json\/wp\/v2\/users\/2"}],"replies":[{"embeddable":true,"href":"https:\/\/www.celluloses-broceliande.fr\/en\/wp-json\/wp\/v2\/comments?post=7828"}],"version-history":[{"count":15,"href":"https:\/\/www.celluloses-broceliande.fr\/en\/wp-json\/wp\/v2\/pages\/7828\/revisions"}],"predecessor-version":[{"id":8407,"href":"https:\/\/www.celluloses-broceliande.fr\/en\/wp-json\/wp\/v2\/pages\/7828\/revisions\/8407"}],"wp:attachment":[{"href":"https:\/\/www.celluloses-broceliande.fr\/en\/wp-json\/wp\/v2\/media?parent=7828"}],"wp:term":[{"taxonomy":"folder","embeddable":true,"href":"https:\/\/www.celluloses-broceliande.fr\/en\/wp-json\/wp\/v2\/folder?post=7828"}],"curies":[{"name":"wp","href":"https:\/\/api.w.org\/{rel}","templated":true}]}}