{"id":5323,"date":"2019-08-05T15:39:03","date_gmt":"2019-08-05T14:39:03","guid":{"rendered":"https:\/\/www.celluloses-broceliande.fr\/?page_id=5323"},"modified":"2023-05-22T14:10:22","modified_gmt":"2023-05-22T13:10:22","slug":"couches-essentials-nid-dange","status":"publish","type":"page","link":"https:\/\/www.celluloses-broceliande.fr\/en\/couches-essentials-nid-dange\/","title":{"rendered":"Pommette-categories"},"content":{"rendered":"<p><div class=\"fusion-fullwidth fullwidth-box fusion-builder-row-4 fusion-flex-container hundred-percent-fullwidth non-hundred-percent-height-scrolling\" style=\"--awb-border-radius-top-left:0px;--awb-border-radius-top-right:0px;--awb-border-radius-bottom-right:0px;--awb-border-radius-bottom-left:0px;--awb-overflow:visible;--awb-flex-wrap:wrap;\" ><div class=\"fusion-builder-row fusion-row fusion-flex-align-items-flex-start fusion-flex-content-wrap\" style=\"width:calc( 100% + 0px ) !important;max-width:calc( 100% + 0px ) !important;margin-left: calc(-0px \/ 2 );margin-right: calc(-0px \/ 2 );\"><div class=\"fusion-layout-column fusion_builder_column fusion-builder-column-4 fusion_builder_column_1_1 1_1 fusion-flex-column fusion-flex-align-self-flex-start fusion-column-no-min-height\" style=\"--awb-bg-size:cover;--awb-width-large:100%;--awb-margin-top-large:0px;--awb-spacing-right-large:0px;--awb-margin-bottom-large:0px;--awb-spacing-left-large:0px;--awb-width-medium:100%;--awb-spacing-right-medium:0px;--awb-spacing-left-medium:0px;--awb-width-small:100%;--awb-spacing-right-small:0px;--awb-spacing-left-small:0px;\"><div class=\"fusion-column-wrapper fusion-flex-justify-content-flex-start fusion-content-layout-column\"><div class=\"fusion-layout-column fusion_builder_column_inner fusion-builder-nested-column-0 fusion_builder_column_inner_2_3 2_3 fusion-flex-column\" style=\"--awb-bg-size:cover;--awb-width-large:66.666666666667%;--awb-margin-top-large:0px;--awb-spacing-right-large:0px;--awb-margin-bottom-large:0px;--awb-spacing-left-large:0px;--awb-width-medium:66.666666666667%;--awb-spacing-right-medium:0px;--awb-spacing-left-medium:0px;--awb-width-small:100%;--awb-spacing-right-small:0px;--awb-spacing-left-small:0px;\"><div class=\"fusion-column-wrapper fusion-flex-justify-content-flex-start fusion-content-layout-column\"><div class=\"fusion-text fusion-text-5\"><h3 style=\"text-align: justify;\"><img decoding=\"async\" class=\"alignleft wp-image-4390\" src=\"https:\/\/www.celluloses-broceliande.fr\/wp-content\/uploads\/2018\/01\/Logo_Pommette_Producteur_Commercant.png\" alt=\"\" width=\"102\" height=\"58\" \/>The brand distributed by Intermarch\u00e9 and used by nurseries, hospitals, clinics, works councils and associations.<\/h3>\n<p style=\"text-align: justify;\">Manufacturer and retailer, we manufacture nappies in France for Intermarch\u00e9\u2019s Pommette brand. Pommette nappies are also used by nurseries, hospitals, clinics and associations in France.<\/p>\n<h2>Discover our Pommette range<\/h2>\n<\/div><div class=\"fusion-separator fusion-full-width-sep\" style=\"align-self: center;margin-left: auto;margin-right: auto;width:100%;\"><div class=\"fusion-separator-border sep-single sep-solid\" style=\"--awb-height:20px;--awb-amount:20px;border-color:#e0dede;border-top-width:1px;\"><\/div><\/div><\/div><\/div>[\/fusion_builder_row_inner]<\/div><\/div><div class=\"fusion-layout-column fusion_builder_column fusion-builder-column-5 fusion_builder_column_1_1 1_1 fusion-flex-column fusion-flex-align-self-flex-start fusion-column-no-min-height\" style=\"--awb-bg-size:cover;--awb-width-large:100%;--awb-margin-top-large:0px;--awb-spacing-right-large:0px;--awb-margin-bottom-large:0px;--awb-spacing-left-large:0px;--awb-width-medium:100%;--awb-spacing-right-medium:0px;--awb-spacing-left-medium:0px;--awb-width-small:100%;--awb-spacing-right-small:0px;--awb-spacing-left-small:0px;\"><div class=\"fusion-column-wrapper fusion-flex-justify-content-flex-start fusion-content-layout-column\"><\/div><\/div><\/div><\/div><\/p>","protected":false},"excerpt":{"rendered":"","protected":false},"author":2,"featured_media":0,"parent":0,"menu_order":0,"comment_status":"closed","ping_status":"closed","template":"","meta":{"footnotes":""},"folder":[],"class_list":["post-5323","page","type-page","status-publish","hentry"],"yoast_head":"<!-- This site is optimized with the Yoast SEO plugin v27.5 - https:\/\/yoast.com\/product\/yoast-seo-wordpress\/ -->\n<title>Couches Essentials Nid d&#039;Ange - Couches b\u00e9b\u00e9 - Fabriqu\u00e9 en France<\/title>\n<meta name=\"description\" content=\"Les couches Essentials by Nid d&#039;Ange sont fabriqu\u00e9es avec des mati\u00e8res premi\u00e8res essentielles et rigoureusement s\u00e9lectionn\u00e9es.\" \/>\n<meta name=\"robots\" content=\"index, follow, max-snippet:-1, max-image-preview:large, max-video-preview:-1\" \/>\n<link rel=\"canonical\" href=\"https:\/\/www.celluloses-broceliande.fr\/en\/couches-essentials-nid-dange\/\" \/>\n<meta property=\"og:locale\" content=\"en_US\" \/>\n<meta property=\"og:type\" content=\"article\" \/>\n<meta property=\"og:title\" content=\"Couches Essentials Nid d&#039;Ange - Couches b\u00e9b\u00e9 - Fabriqu\u00e9 en France\" \/>\n<meta property=\"og:description\" content=\"Les couches Essentials by Nid d&#039;Ange sont fabriqu\u00e9es avec des mati\u00e8res premi\u00e8res essentielles et rigoureusement s\u00e9lectionn\u00e9es.\" \/>\n<meta property=\"og:url\" content=\"https:\/\/www.celluloses-broceliande.fr\/en\/couches-essentials-nid-dange\/\" \/>\n<meta property=\"og:site_name\" content=\"Celluloses de Broceliande\" \/>\n<meta property=\"article:modified_time\" content=\"2023-05-22T13:10:22+00:00\" \/>\n<meta property=\"og:image\" content=\"https:\/\/www.celluloses-broceliande.fr\/wp-content\/uploads\/2020\/02\/made-in-france.png\" \/>\n<meta name=\"twitter:card\" content=\"summary_large_image\" \/>\n<meta name=\"twitter:label1\" content=\"Est. reading time\" \/>\n\t<meta name=\"twitter:data1\" content=\"4 minutes\" \/>\n<script type=\"application\/ld+json\" class=\"yoast-schema-graph\">{\"@context\":\"https:\\\/\\\/schema.org\",\"@graph\":[{\"@type\":\"WebPage\",\"@id\":\"https:\\\/\\\/www.celluloses-broceliande.fr\\\/en\\\/couches-essentials-nid-dange\\\/\",\"url\":\"https:\\\/\\\/www.celluloses-broceliande.fr\\\/en\\\/couches-essentials-nid-dange\\\/\",\"name\":\"Couches Essentials Nid d'Ange - Couches b\u00e9b\u00e9 - Fabriqu\u00e9 en France\",\"isPartOf\":{\"@id\":\"https:\\\/\\\/www.celluloses-broceliande.fr\\\/#website\"},\"primaryImageOfPage\":{\"@id\":\"https:\\\/\\\/www.celluloses-broceliande.fr\\\/en\\\/couches-essentials-nid-dange\\\/#primaryimage\"},\"image\":{\"@id\":\"https:\\\/\\\/www.celluloses-broceliande.fr\\\/en\\\/couches-essentials-nid-dange\\\/#primaryimage\"},\"thumbnailUrl\":\"https:\\\/\\\/www.celluloses-broceliande.fr\\\/wp-content\\\/uploads\\\/2020\\\/02\\\/made-in-france.png\",\"datePublished\":\"2019-08-05T14:39:03+00:00\",\"dateModified\":\"2023-05-22T13:10:22+00:00\",\"description\":\"Les couches Essentials by Nid d'Ange sont fabriqu\u00e9es avec des mati\u00e8res premi\u00e8res essentielles et rigoureusement s\u00e9lectionn\u00e9es.\",\"breadcrumb\":{\"@id\":\"https:\\\/\\\/www.celluloses-broceliande.fr\\\/en\\\/couches-essentials-nid-dange\\\/#breadcrumb\"},\"inLanguage\":\"en-US\",\"potentialAction\":[{\"@type\":\"ReadAction\",\"target\":[\"https:\\\/\\\/www.celluloses-broceliande.fr\\\/en\\\/couches-essentials-nid-dange\\\/\"]}]},{\"@type\":\"ImageObject\",\"inLanguage\":\"en-US\",\"@id\":\"https:\\\/\\\/www.celluloses-broceliande.fr\\\/en\\\/couches-essentials-nid-dange\\\/#primaryimage\",\"url\":\"https:\\\/\\\/www.celluloses-broceliande.fr\\\/wp-content\\\/uploads\\\/2020\\\/02\\\/made-in-france.png\",\"contentUrl\":\"https:\\\/\\\/www.celluloses-broceliande.fr\\\/wp-content\\\/uploads\\\/2020\\\/02\\\/made-in-france.png\"},{\"@type\":\"BreadcrumbList\",\"@id\":\"https:\\\/\\\/www.celluloses-broceliande.fr\\\/en\\\/couches-essentials-nid-dange\\\/#breadcrumb\",\"itemListElement\":[{\"@type\":\"ListItem\",\"position\":1,\"name\":\"Accueil\",\"item\":\"https:\\\/\\\/www.celluloses-broceliande.fr\\\/\"},{\"@type\":\"ListItem\",\"position\":2,\"name\":\"Pommette-categories\"}]},{\"@type\":\"WebSite\",\"@id\":\"https:\\\/\\\/www.celluloses-broceliande.fr\\\/#website\",\"url\":\"https:\\\/\\\/www.celluloses-broceliande.fr\\\/\",\"name\":\"Celluloses de Broceliande\",\"description\":\"Maker of everyday comfort\",\"publisher\":{\"@id\":\"https:\\\/\\\/www.celluloses-broceliande.fr\\\/#organization\"},\"potentialAction\":[{\"@type\":\"SearchAction\",\"target\":{\"@type\":\"EntryPoint\",\"urlTemplate\":\"https:\\\/\\\/www.celluloses-broceliande.fr\\\/?s={search_term_string}\"},\"query-input\":{\"@type\":\"PropertyValueSpecification\",\"valueRequired\":true,\"valueName\":\"search_term_string\"}}],\"inLanguage\":\"en-US\"},{\"@type\":\"Organization\",\"@id\":\"https:\\\/\\\/www.celluloses-broceliande.fr\\\/#organization\",\"name\":\"Celluloses de Broc\u00e9liande\",\"url\":\"https:\\\/\\\/www.celluloses-broceliande.fr\\\/\",\"logo\":{\"@type\":\"ImageObject\",\"inLanguage\":\"en-US\",\"@id\":\"https:\\\/\\\/www.celluloses-broceliande.fr\\\/#\\\/schema\\\/logo\\\/image\\\/\",\"url\":\"https:\\\/\\\/www.celluloses-broceliande.fr\\\/wp-content\\\/uploads\\\/2021\\\/08\\\/logo_celluloses_broceliande_vect.jpg\",\"contentUrl\":\"https:\\\/\\\/www.celluloses-broceliande.fr\\\/wp-content\\\/uploads\\\/2021\\\/08\\\/logo_celluloses_broceliande_vect.jpg\",\"width\":1191,\"height\":643,\"caption\":\"Celluloses de Broc\u00e9liande\"},\"image\":{\"@id\":\"https:\\\/\\\/www.celluloses-broceliande.fr\\\/#\\\/schema\\\/logo\\\/image\\\/\"}}]}<\/script>\n<!-- \/ Yoast SEO plugin. -->","yoast_head_json":{"title":"Couches Essentials Nid d'Ange - Couches b\u00e9b\u00e9 - Fabriqu\u00e9 en France","description":"Les couches Essentials by Nid d'Ange sont fabriqu\u00e9es avec des mati\u00e8res premi\u00e8res essentielles et rigoureusement s\u00e9lectionn\u00e9es.","robots":{"index":"index","follow":"follow","max-snippet":"max-snippet:-1","max-image-preview":"max-image-preview:large","max-video-preview":"max-video-preview:-1"},"canonical":"https:\/\/www.celluloses-broceliande.fr\/en\/couches-essentials-nid-dange\/","og_locale":"en_US","og_type":"article","og_title":"Couches Essentials Nid d'Ange - Couches b\u00e9b\u00e9 - Fabriqu\u00e9 en France","og_description":"Les couches Essentials by Nid d'Ange sont fabriqu\u00e9es avec des mati\u00e8res premi\u00e8res essentielles et rigoureusement s\u00e9lectionn\u00e9es.","og_url":"https:\/\/www.celluloses-broceliande.fr\/en\/couches-essentials-nid-dange\/","og_site_name":"Celluloses de Broceliande","article_modified_time":"2023-05-22T13:10:22+00:00","og_image":[{"url":"https:\/\/www.celluloses-broceliande.fr\/wp-content\/uploads\/2020\/02\/made-in-france.png","type":"","width":"","height":""}],"twitter_card":"summary_large_image","twitter_misc":{"Est. reading time":"4 minutes"},"schema":{"@context":"https:\/\/schema.org","@graph":[{"@type":"WebPage","@id":"https:\/\/www.celluloses-broceliande.fr\/en\/couches-essentials-nid-dange\/","url":"https:\/\/www.celluloses-broceliande.fr\/en\/couches-essentials-nid-dange\/","name":"Couches Essentials Nid d'Ange - Couches b\u00e9b\u00e9 - Fabriqu\u00e9 en France","isPartOf":{"@id":"https:\/\/www.celluloses-broceliande.fr\/#website"},"primaryImageOfPage":{"@id":"https:\/\/www.celluloses-broceliande.fr\/en\/couches-essentials-nid-dange\/#primaryimage"},"image":{"@id":"https:\/\/www.celluloses-broceliande.fr\/en\/couches-essentials-nid-dange\/#primaryimage"},"thumbnailUrl":"https:\/\/www.celluloses-broceliande.fr\/wp-content\/uploads\/2020\/02\/made-in-france.png","datePublished":"2019-08-05T14:39:03+00:00","dateModified":"2023-05-22T13:10:22+00:00","description":"Les couches Essentials by Nid d'Ange sont fabriqu\u00e9es avec des mati\u00e8res premi\u00e8res essentielles et rigoureusement s\u00e9lectionn\u00e9es.","breadcrumb":{"@id":"https:\/\/www.celluloses-broceliande.fr\/en\/couches-essentials-nid-dange\/#breadcrumb"},"inLanguage":"en-US","potentialAction":[{"@type":"ReadAction","target":["https:\/\/www.celluloses-broceliande.fr\/en\/couches-essentials-nid-dange\/"]}]},{"@type":"ImageObject","inLanguage":"en-US","@id":"https:\/\/www.celluloses-broceliande.fr\/en\/couches-essentials-nid-dange\/#primaryimage","url":"https:\/\/www.celluloses-broceliande.fr\/wp-content\/uploads\/2020\/02\/made-in-france.png","contentUrl":"https:\/\/www.celluloses-broceliande.fr\/wp-content\/uploads\/2020\/02\/made-in-france.png"},{"@type":"BreadcrumbList","@id":"https:\/\/www.celluloses-broceliande.fr\/en\/couches-essentials-nid-dange\/#breadcrumb","itemListElement":[{"@type":"ListItem","position":1,"name":"Accueil","item":"https:\/\/www.celluloses-broceliande.fr\/"},{"@type":"ListItem","position":2,"name":"Pommette-categories"}]},{"@type":"WebSite","@id":"https:\/\/www.celluloses-broceliande.fr\/#website","url":"https:\/\/www.celluloses-broceliande.fr\/","name":"Celluloses de Broceliande","description":"Maker of everyday comfort","publisher":{"@id":"https:\/\/www.celluloses-broceliande.fr\/#organization"},"potentialAction":[{"@type":"SearchAction","target":{"@type":"EntryPoint","urlTemplate":"https:\/\/www.celluloses-broceliande.fr\/?s={search_term_string}"},"query-input":{"@type":"PropertyValueSpecification","valueRequired":true,"valueName":"search_term_string"}}],"inLanguage":"en-US"},{"@type":"Organization","@id":"https:\/\/www.celluloses-broceliande.fr\/#organization","name":"Celluloses de Broc\u00e9liande","url":"https:\/\/www.celluloses-broceliande.fr\/","logo":{"@type":"ImageObject","inLanguage":"en-US","@id":"https:\/\/www.celluloses-broceliande.fr\/#\/schema\/logo\/image\/","url":"https:\/\/www.celluloses-broceliande.fr\/wp-content\/uploads\/2021\/08\/logo_celluloses_broceliande_vect.jpg","contentUrl":"https:\/\/www.celluloses-broceliande.fr\/wp-content\/uploads\/2021\/08\/logo_celluloses_broceliande_vect.jpg","width":1191,"height":643,"caption":"Celluloses de Broc\u00e9liande"},"image":{"@id":"https:\/\/www.celluloses-broceliande.fr\/#\/schema\/logo\/image\/"}}]}},"_links":{"self":[{"href":"https:\/\/www.celluloses-broceliande.fr\/en\/wp-json\/wp\/v2\/pages\/5323","targetHints":{"allow":["GET"]}}],"collection":[{"href":"https:\/\/www.celluloses-broceliande.fr\/en\/wp-json\/wp\/v2\/pages"}],"about":[{"href":"https:\/\/www.celluloses-broceliande.fr\/en\/wp-json\/wp\/v2\/types\/page"}],"author":[{"embeddable":true,"href":"https:\/\/www.celluloses-broceliande.fr\/en\/wp-json\/wp\/v2\/users\/2"}],"replies":[{"embeddable":true,"href":"https:\/\/www.celluloses-broceliande.fr\/en\/wp-json\/wp\/v2\/comments?post=5323"}],"version-history":[{"count":5,"href":"https:\/\/www.celluloses-broceliande.fr\/en\/wp-json\/wp\/v2\/pages\/5323\/revisions"}],"predecessor-version":[{"id":8368,"href":"https:\/\/www.celluloses-broceliande.fr\/en\/wp-json\/wp\/v2\/pages\/5323\/revisions\/8368"}],"wp:attachment":[{"href":"https:\/\/www.celluloses-broceliande.fr\/en\/wp-json\/wp\/v2\/media?parent=5323"}],"wp:term":[{"taxonomy":"folder","embeddable":true,"href":"https:\/\/www.celluloses-broceliande.fr\/en\/wp-json\/wp\/v2\/folder?post=5323"}],"curies":[{"name":"wp","href":"https:\/\/api.w.org\/{rel}","templated":true}]}}