{"id":2209,"date":"2015-11-25T17:42:11","date_gmt":"2015-11-25T16:42:11","guid":{"rendered":"https:\/\/www.celluloses-broceliande.fr\/?page_id=2209"},"modified":"2024-09-20T08:21:19","modified_gmt":"2024-09-20T07:21:19","slug":"mentions-legales","status":"publish","type":"page","link":"https:\/\/www.celluloses-broceliande.fr\/en\/mentions-legales\/","title":{"rendered":"Legal Notice"},"content":{"rendered":"<p><\/p>\n<h2>Owner \/ publisher<\/h2>\n<p>[SIEGE SOCIAL] Celluloses de Broc\u00e9liande Z.I. La Lande du Moulin B.P. 76 56803 Plo\u00ebrmel Cedex France<br \/>\nTel.: +33 (0) 2 97 74 25 25 Fax: +33 (0) 2 97 74 29 94<\/p>\n<p>SIRET : 37909534200018<\/p>\n<p>Soci\u00e9t\u00e9 au capital social de 160 000\u20ac (Cent-soixante mille euros)<\/p>\n<h2>Designer \/ creator<\/h2>\n<p>The Celluloses de Broc\u00e9liande website, design, style guide and applications were created and developed and are administrated by Process Blue. For more information, visit their website process-blue.com.<\/p>\n<p>To contact them, please write to: contact@process-blue.fr.<\/p>\n<p>Limited liability company registered with the Vannes Registry of Companies under number 381 564 913<br \/>\nDirector: Patricia\u00a0LEBOZEC<br \/>\nHead Office: 20 rue Gay Lussac 56000 Vannes France<br \/>\nTelephone: +33 (0)2 97 46 07 06<br \/>\nEmail: contact@process-blue.fr<\/p>\n<h2>Hosting service provider<\/h2>\n<p>Celluloses de Broc\u00e9liande is hosted by OVH. For more information, visit the website ovh.com<br \/>\nCelluloses de Broc\u00e9liande accepts no responsibility for any interruptions to the operation of the Celluloses de Broc\u00e9liande website and its services.<br \/>\nOVH<br \/>\nA simplified joint-stock company with \u20ac10,000,000 capital registered with the Roubaix \u2013 Tourcoing Registry of Companies under number 424 761 419 00045.<br \/>\nHead office: 2 rue Kellermann 59100 France<br \/>\nTelephone: +33 (0)8 203 203 63<\/p>\n<h2>Website operation<\/h2>\n<p>The pages and content of this website are generated by WordPress software under GNU \/ GPL (General Public Licence). You can use it to create your own website. For more information, visit the website wordpress.org<\/p>\n<h2>Contents and reproduction rights<\/h2>\n<p>In application of articles L. 111-1 and L. 123-1 of the Intellectual Property code, all of the site\u2019s content (texts, images, videos and all media in general), except for explicit information to the contrary, is protected by copyright. The reproduction, even partial, of content from the website\u2019s pages without prior agreement from Celluloses de Broc\u00e9liande is strictly prohibited. Short extracts are authorised by French law for comments and reviews if said comments and reviews are clearly associated with said extract and the original author and web link to the source page are specified.<br \/>\n\u00a9 Copyright 2015 Process Blue | All rights reserved<\/p>\n<h2>CONDITIONS OF USE<\/h2>\n<p>ACCEPTANCE<\/p>\n<p>By using the Celluloses de Broc\u00e9liande website, you understand and accept the conditions listed below.<\/p>\n<h2>Misuse<\/h2>\n<p>In application of law n\u00b02004-575 of 21st June 2004 on confidence in the digital economy, please contact the site administrator by email about any litigious content or if you have been a victim of fraudulent use of the Celluloses de Broc\u00e9liande website. Write to contact@celluloses-broceliande.com.<\/p>\n<p>Personal data: collection and processing<\/p>\n<p>No information received by Celluloses de Broc\u00e9liande is passed on to third parties.<br \/>\nExcept in specific cases, this information comes from the email address volunteered by you, allowing you to receive documentation or a newsletter, request membership of the website\u2019s editorial committee or request any other information.<br \/>\nIn application of law n\u00b078-17 of 6th January 1978 concerning computers, files and data protection, you have a right to access, modify and delete any of your personal information kept by Celluloses de Broc\u00e9liande and you can exercise this right at any time by contacting the Celluloses de Broc\u00e9liande administrator. For this type of request, please write an email to Celluloses de Broc\u00e9liande: contact@cellulose-broceliande.com<\/p>\n<h2>Cookies<\/h2>\n<p>Some nominative information and certain cookies may be saved by Celluloses de Broc\u00e9liande on your personal computer without your express permission (cookies or JAVA applets). Unless otherwise indicated, these technical procedures are not required for the correct function of Celluloses de Broc\u00e9liande and their use can be deactivated in your browser without your browsing being affected. None of this information is retained by the website after your visit.<\/p>\n<h2>Liability<\/h2>\n<p>The Celluloses de Broc\u00e9liande website has information made available by external companies and hypertext links to other external websites or sources which have not been developed by Celluloses de Broc\u00e9liande. Celluloses de Broc\u00e9liande cannot be held responsible for the potentially malicious behaviour of these target sites. More generally, the information available on this website is provided for information purposes only. It is up to you to use this information selectively. Celluloses de Broc\u00e9liande cannot be held responsible for any information, opinions or recommendations from third parties.<br \/>\nIn so far as Celluloses de Broc\u00e9liande cannot control these external websites or sources, Celluloses de Broc\u00e9liande cannot be held responsible for the availability of these external websites or sources and cannot be held responsible for content, advertisements, products, services or any other material available on or via these external websites or sources. Furthermore, Celluloses de Broc\u00e9liande cannot be held responsible for any damage or loss proven or alleged to be caused by or in relation to the use or confidence given to the content, goods or services available on these external websites or sources.[\/fusion_builder_column][\/fusion_builder_row][\/fusion_builder_container]<div class=\"fusion-fullwidth fullwidth-box fusion-builder-row-2 fusion-flex-container hundred-percent-fullwidth non-hundred-percent-height-scrolling\" style=\"--awb-border-radius-top-left:0px;--awb-border-radius-top-right:0px;--awb-border-radius-bottom-right:0px;--awb-border-radius-bottom-left:0px;--awb-overflow:visible;--awb-flex-wrap:wrap;\" ><div class=\"fusion-builder-row fusion-row fusion-flex-align-items-flex-start fusion-flex-content-wrap\" style=\"width:calc( 100% + 0px ) !important;max-width:calc( 100% + 0px ) !important;margin-left: calc(-0px \/ 2 );margin-right: calc(-0px \/ 2 );\"><div class=\"fusion-layout-column fusion_builder_column fusion-builder-column-1 fusion_builder_column_1_1 1_1 fusion-flex-column fusion-flex-align-self-flex-start fusion-column-no-min-height\" style=\"--awb-bg-size:cover;--awb-width-large:100%;--awb-margin-top-large:0px;--awb-spacing-right-large:0px;--awb-margin-bottom-large:0px;--awb-spacing-left-large:0px;--awb-width-medium:100%;--awb-spacing-right-medium:0px;--awb-spacing-left-medium:0px;--awb-width-small:100%;--awb-spacing-right-small:0px;--awb-spacing-left-small:0px;\"><div class=\"fusion-column-wrapper fusion-flex-justify-content-flex-start fusion-content-layout-column\">\n<h2>Owner \/ publisher<\/h2>\n<p>Celluloses de Broc\u00e9liande\u00a0Z.I. La Lande du Moulin B.P. 76 56803 Plo\u00ebrmel Cedex France<br \/>\nTel.: +33 (0) 2 97 74 25 25 Fax: +33 (0) 2 97 74 29 94<\/p>\n<h2>Designer \/ creator<\/h2>\n<p>The Celluloses de Broc\u00e9liande website, design, style guide and applications were created and developed and are administrated by Process Blue. For more information, visit their website process-blue.com.<\/p>\n<p>To contact them, please write to: contact@process-blue.fr.<\/p>\n<p>Limited liability company registered with the Vannes Registry of Companies under number 381 564 913<br \/>\nDirector: Patricia\u00a0LEBOZEC<br \/>\nHead Office: 20 rue Gay Lussac 56000 Vannes France<br \/>\nTelephone: +33 (0)2 97 46 07 06<br \/>\nEmail: contact@process-blue.fr<\/p>\n<h2>Hosting service provider<\/h2>\n<p>Celluloses de Broc\u00e9liande is hosted by OVH. For more information, visit the website ovh.com<br \/>\nCelluloses de Broc\u00e9liande accepts no responsibility for any interruptions to the operation of the Celluloses de Broc\u00e9liande website and its services.<br \/>\nOVH<br \/>\nA simplified joint-stock company with \u20ac10,000,000 capital registered with the Roubaix \u2013 Tourcoing Registry of Companies under number 424 761 419 00045.<br \/>\nHead office: 2 rue Kellermann 59100 France<br \/>\nTelephone: +33 (0)8 203 203 63<\/p>\n<h2>Website operation<\/h2>\n<p>The pages and content of this website are generated by WordPress software under GNU \/ GPL (General Public Licence). You can use it to create your own website. For more information, visit the website wordpress.org<\/p>\n<h2>Contents and reproduction rights<\/h2>\n<p>In application of articles L. 111-1 and L. 123-1 of the Intellectual Property code, all of the site\u2019s content (texts, images, videos and all media in general), except for explicit information to the contrary, is protected by copyright. The reproduction, even partial, of content from the website\u2019s pages without prior agreement from Celluloses de Broc\u00e9liande is strictly prohibited. Short extracts are authorised by French law for comments and reviews if said comments and reviews are clearly associated with said extract and the original author and web link to the source page are specified.<br \/>\n\u00a9 Copyright 2015 Process Blue | All rights reserved<\/p>\n<h2>CONDITIONS OF USE<\/h2>\n<p>ACCEPTANCE<\/p>\n<p>By using the Celluloses de Broc\u00e9liande website, you understand and accept the conditions listed below.<\/p>\n<h2>Misuse<\/h2>\n<p>In application of law n\u00b02004-575 of 21st June 2004 on confidence in the digital economy, please contact the site administrator by email about any litigious content or if you have been a victim of fraudulent use of the Celluloses de Broc\u00e9liande website. Write to contact@celluloses-broceliande.com.<\/p>\n<p>Personal data: collection and processing<\/p>\n<p>No information received by Celluloses de Broc\u00e9liande is passed on to third parties.<br \/>\nExcept in specific cases, this information comes from the email address volunteered by you, allowing you to receive documentation or a newsletter, request membership of the website\u2019s editorial committee or request any other information.<br \/>\nIn application of law n\u00b078-17 of 6th January 1978 concerning computers, files and data protection, you have a right to access, modify and delete any of your personal information kept by Celluloses de Broc\u00e9liande and you can exercise this right at any time by contacting the Celluloses de Broc\u00e9liande administrator. For this type of request, please write an email to Celluloses de Broc\u00e9liande: contact@cellulose-broceliande.com<\/p>\n<h2>Cookies<\/h2>\n<p>Some nominative information and certain cookies may be saved by Celluloses de Broc\u00e9liande on your personal computer without your express permission (cookies or JAVA applets). Unless otherwise indicated, these technical procedures are not required for the correct function of Celluloses de Broc\u00e9liande and their use can be deactivated in your browser without your browsing being affected. None of this information is retained by the website after your visit.<\/p>\n<h2>Liability<\/h2>\n<p>The Celluloses de Broc\u00e9liande website has information made available by external companies and hypertext links to other external websites or sources which have not been developed by Celluloses de Broc\u00e9liande. Celluloses de Broc\u00e9liande cannot be held responsible for the potentially malicious behaviour of these target sites. More generally, the information available on this website is provided for information purposes only. It is up to you to use this information selectively. Celluloses de Broc\u00e9liande cannot be held responsible for any information, opinions or recommendations from third parties.<br \/>\nIn so far as Celluloses de Broc\u00e9liande cannot control these external websites or sources, Celluloses de Broc\u00e9liande cannot be held responsible for the availability of these external websites or sources and cannot be held responsible for content, advertisements, products, services or any other material available on or via these external websites or sources. Furthermore, Celluloses de Broc\u00e9liande cannot be held responsible for any damage or loss proven or alleged to be caused by or in relation to the use or confidence given to the content, goods or services available on these external websites or sources.<\/div><\/div><\/div><\/div><\/p>","protected":false},"excerpt":{"rendered":"","protected":false},"author":1,"featured_media":0,"parent":0,"menu_order":0,"comment_status":"closed","ping_status":"closed","template":"","meta":{"footnotes":""},"folder":[],"class_list":["post-2209","page","type-page","status-publish","hentry"],"yoast_head":"<!-- This site is optimized with the Yoast SEO plugin v27.5 - https:\/\/yoast.com\/product\/yoast-seo-wordpress\/ -->\n<title>Legal Notice - Celluloses de Broceliande<\/title>\n<meta name=\"robots\" content=\"index, follow, max-snippet:-1, max-image-preview:large, max-video-preview:-1\" \/>\n<link rel=\"canonical\" href=\"https:\/\/www.celluloses-broceliande.fr\/mentions-legales\/\" \/>\n<meta property=\"og:locale\" content=\"en_US\" \/>\n<meta property=\"og:type\" content=\"article\" \/>\n<meta property=\"og:title\" content=\"Legal Notice - Celluloses de Broceliande\" \/>\n<meta property=\"og:url\" content=\"https:\/\/www.celluloses-broceliande.fr\/mentions-legales\/\" \/>\n<meta property=\"og:site_name\" content=\"Celluloses de Broceliande\" \/>\n<meta property=\"article:modified_time\" content=\"2024-09-20T07:21:19+00:00\" \/>\n<meta name=\"twitter:card\" content=\"summary_large_image\" \/>\n<meta name=\"twitter:label1\" content=\"Est. reading time\" \/>\n\t<meta name=\"twitter:data1\" content=\"4 minutes\" \/>\n<script type=\"application\/ld+json\" class=\"yoast-schema-graph\">{\"@context\":\"https:\\\/\\\/schema.org\",\"@graph\":[{\"@type\":\"WebPage\",\"@id\":\"https:\\\/\\\/www.celluloses-broceliande.fr\\\/mentions-legales\\\/\",\"url\":\"https:\\\/\\\/www.celluloses-broceliande.fr\\\/mentions-legales\\\/\",\"name\":\"Legal Notice - Celluloses de Broceliande\",\"isPartOf\":{\"@id\":\"https:\\\/\\\/www.celluloses-broceliande.fr\\\/#website\"},\"datePublished\":\"2015-11-25T16:42:11+00:00\",\"dateModified\":\"2024-09-20T07:21:19+00:00\",\"breadcrumb\":{\"@id\":\"https:\\\/\\\/www.celluloses-broceliande.fr\\\/mentions-legales\\\/#breadcrumb\"},\"inLanguage\":\"en-US\",\"potentialAction\":[{\"@type\":\"ReadAction\",\"target\":[\"https:\\\/\\\/www.celluloses-broceliande.fr\\\/mentions-legales\\\/\"]}]},{\"@type\":\"BreadcrumbList\",\"@id\":\"https:\\\/\\\/www.celluloses-broceliande.fr\\\/mentions-legales\\\/#breadcrumb\",\"itemListElement\":[{\"@type\":\"ListItem\",\"position\":1,\"name\":\"Accueil\",\"item\":\"https:\\\/\\\/www.celluloses-broceliande.fr\\\/\"},{\"@type\":\"ListItem\",\"position\":2,\"name\":\"Mentions l\u00e9gales\"}]},{\"@type\":\"WebSite\",\"@id\":\"https:\\\/\\\/www.celluloses-broceliande.fr\\\/#website\",\"url\":\"https:\\\/\\\/www.celluloses-broceliande.fr\\\/\",\"name\":\"Celluloses de Broceliande\",\"description\":\"Maker of everyday comfort\",\"publisher\":{\"@id\":\"https:\\\/\\\/www.celluloses-broceliande.fr\\\/#organization\"},\"potentialAction\":[{\"@type\":\"SearchAction\",\"target\":{\"@type\":\"EntryPoint\",\"urlTemplate\":\"https:\\\/\\\/www.celluloses-broceliande.fr\\\/?s={search_term_string}\"},\"query-input\":{\"@type\":\"PropertyValueSpecification\",\"valueRequired\":true,\"valueName\":\"search_term_string\"}}],\"inLanguage\":\"en-US\"},{\"@type\":\"Organization\",\"@id\":\"https:\\\/\\\/www.celluloses-broceliande.fr\\\/#organization\",\"name\":\"Celluloses de Broc\u00e9liande\",\"url\":\"https:\\\/\\\/www.celluloses-broceliande.fr\\\/\",\"logo\":{\"@type\":\"ImageObject\",\"inLanguage\":\"en-US\",\"@id\":\"https:\\\/\\\/www.celluloses-broceliande.fr\\\/#\\\/schema\\\/logo\\\/image\\\/\",\"url\":\"https:\\\/\\\/www.celluloses-broceliande.fr\\\/wp-content\\\/uploads\\\/2021\\\/08\\\/logo_celluloses_broceliande_vect.jpg\",\"contentUrl\":\"https:\\\/\\\/www.celluloses-broceliande.fr\\\/wp-content\\\/uploads\\\/2021\\\/08\\\/logo_celluloses_broceliande_vect.jpg\",\"width\":1191,\"height\":643,\"caption\":\"Celluloses de Broc\u00e9liande\"},\"image\":{\"@id\":\"https:\\\/\\\/www.celluloses-broceliande.fr\\\/#\\\/schema\\\/logo\\\/image\\\/\"}}]}<\/script>\n<!-- \/ Yoast SEO plugin. -->","yoast_head_json":{"title":"Legal Notice - Celluloses de Broceliande","robots":{"index":"index","follow":"follow","max-snippet":"max-snippet:-1","max-image-preview":"max-image-preview:large","max-video-preview":"max-video-preview:-1"},"canonical":"https:\/\/www.celluloses-broceliande.fr\/mentions-legales\/","og_locale":"en_US","og_type":"article","og_title":"Legal Notice - Celluloses de Broceliande","og_url":"https:\/\/www.celluloses-broceliande.fr\/mentions-legales\/","og_site_name":"Celluloses de Broceliande","article_modified_time":"2024-09-20T07:21:19+00:00","twitter_card":"summary_large_image","twitter_misc":{"Est. reading time":"4 minutes"},"schema":{"@context":"https:\/\/schema.org","@graph":[{"@type":"WebPage","@id":"https:\/\/www.celluloses-broceliande.fr\/mentions-legales\/","url":"https:\/\/www.celluloses-broceliande.fr\/mentions-legales\/","name":"Legal Notice - Celluloses de Broceliande","isPartOf":{"@id":"https:\/\/www.celluloses-broceliande.fr\/#website"},"datePublished":"2015-11-25T16:42:11+00:00","dateModified":"2024-09-20T07:21:19+00:00","breadcrumb":{"@id":"https:\/\/www.celluloses-broceliande.fr\/mentions-legales\/#breadcrumb"},"inLanguage":"en-US","potentialAction":[{"@type":"ReadAction","target":["https:\/\/www.celluloses-broceliande.fr\/mentions-legales\/"]}]},{"@type":"BreadcrumbList","@id":"https:\/\/www.celluloses-broceliande.fr\/mentions-legales\/#breadcrumb","itemListElement":[{"@type":"ListItem","position":1,"name":"Accueil","item":"https:\/\/www.celluloses-broceliande.fr\/"},{"@type":"ListItem","position":2,"name":"Mentions l\u00e9gales"}]},{"@type":"WebSite","@id":"https:\/\/www.celluloses-broceliande.fr\/#website","url":"https:\/\/www.celluloses-broceliande.fr\/","name":"Celluloses de Broceliande","description":"Maker of everyday comfort","publisher":{"@id":"https:\/\/www.celluloses-broceliande.fr\/#organization"},"potentialAction":[{"@type":"SearchAction","target":{"@type":"EntryPoint","urlTemplate":"https:\/\/www.celluloses-broceliande.fr\/?s={search_term_string}"},"query-input":{"@type":"PropertyValueSpecification","valueRequired":true,"valueName":"search_term_string"}}],"inLanguage":"en-US"},{"@type":"Organization","@id":"https:\/\/www.celluloses-broceliande.fr\/#organization","name":"Celluloses de Broc\u00e9liande","url":"https:\/\/www.celluloses-broceliande.fr\/","logo":{"@type":"ImageObject","inLanguage":"en-US","@id":"https:\/\/www.celluloses-broceliande.fr\/#\/schema\/logo\/image\/","url":"https:\/\/www.celluloses-broceliande.fr\/wp-content\/uploads\/2021\/08\/logo_celluloses_broceliande_vect.jpg","contentUrl":"https:\/\/www.celluloses-broceliande.fr\/wp-content\/uploads\/2021\/08\/logo_celluloses_broceliande_vect.jpg","width":1191,"height":643,"caption":"Celluloses de Broc\u00e9liande"},"image":{"@id":"https:\/\/www.celluloses-broceliande.fr\/#\/schema\/logo\/image\/"}}]}},"_links":{"self":[{"href":"https:\/\/www.celluloses-broceliande.fr\/en\/wp-json\/wp\/v2\/pages\/2209","targetHints":{"allow":["GET"]}}],"collection":[{"href":"https:\/\/www.celluloses-broceliande.fr\/en\/wp-json\/wp\/v2\/pages"}],"about":[{"href":"https:\/\/www.celluloses-broceliande.fr\/en\/wp-json\/wp\/v2\/types\/page"}],"author":[{"embeddable":true,"href":"https:\/\/www.celluloses-broceliande.fr\/en\/wp-json\/wp\/v2\/users\/1"}],"replies":[{"embeddable":true,"href":"https:\/\/www.celluloses-broceliande.fr\/en\/wp-json\/wp\/v2\/comments?post=2209"}],"version-history":[{"count":3,"href":"https:\/\/www.celluloses-broceliande.fr\/en\/wp-json\/wp\/v2\/pages\/2209\/revisions"}],"predecessor-version":[{"id":8488,"href":"https:\/\/www.celluloses-broceliande.fr\/en\/wp-json\/wp\/v2\/pages\/2209\/revisions\/8488"}],"wp:attachment":[{"href":"https:\/\/www.celluloses-broceliande.fr\/en\/wp-json\/wp\/v2\/media?parent=2209"}],"wp:term":[{"taxonomy":"folder","embeddable":true,"href":"https:\/\/www.celluloses-broceliande.fr\/en\/wp-json\/wp\/v2\/folder?post=2209"}],"curies":[{"name":"wp","href":"https:\/\/api.w.org\/{rel}","templated":true}]}}